{"id":477,"date":"2016-12-20T08:08:10","date_gmt":"2016-12-20T08:08:10","guid":{"rendered":"http:\/\/efirecom.ctfc.cat\/?page_id=477"},"modified":"2017-03-07T08:00:23","modified_gmt":"2017-03-07T08:00:23","slug":"guideline-for-the-journalists-and-media-on-the-effective-information-of-fire-risk-towards-a-better-social-understanding-and-reasilience","status":"publish","type":"page","link":"https:\/\/efirecom.ctfc.cat\/?page_id=477","title":{"rendered":"Guideline for the journalists and media on the effective information of fire risk towards a better social understanding and reasilience"},"content":{"rendered":"<ul>\n<li style=\"padding-top: 5px;\"><a href=\"\/docs\/efirecomperiodistes_ca.pdf\" target=\"_blank\">ELS INCENDIS FORESTALS; guia per a comunicadors i periodistes<\/a><\/li>\n<li style=\"padding-top: 5px;\"><a href=\"\/docs\/efirecomperiodistes_en.pdf\" target=\"_blank\">FOREST FIRES; guideline for communicators and journalists<\/a><\/li>\n<li style=\"padding-top: 5px;\"><a href=\"\/docs\/efirecomperiodistes_es.pdf\" target=\"_blank\">LOS INCENDIOS FORESTALES; gu\u00eda para comunicadores y periodistas<\/a><\/li>\n<li style=\"padding-top: 5px;\"><a href=\"\/docs\/efirecomperiodistes_fr.pdf\" target=\"_blank\">LES INCENDIES EN FOR\u00caT; guide pour les journalistes et les m\u00e9dias<\/a><\/li>\n<li style=\"padding-top: 5px;\"><a href=\"docs\/Guideline%20for journalists Arabic.pdf\" target=\"_blank\">\u0629 \u0651 \u062f\u0644\u064a\u0644 \u0645\u0648\u062c\u0647 \u0644\u0625\u0644\u0639\u0627\u0644\u0645\u064a\u064a\u0646 \u0648\u0627\u0644\u0635\u062d\u0641\u064a\u064a\u0646\u00a0 \u00a0\u0627\u0644\u062d\u0631\u0627\u0626\u0642 \u0627\u0644\u063a\u0627\u0628\u0648\u064a\u0629<\/a><\/li>\n<\/ul>\n","protected":false},"excerpt":{"rendered":"<p>ELS INCENDIS FORESTALS; guia per a comunicadors i periodistes FOREST FIRES; guideline for communicators and journalists LOS INCENDIOS FORESTALES; gu\u00eda para comunicadores y periodistas LES INCENDIES EN FOR\u00caT; guide pour les journalistes et les m\u00e9dias \u0629 \u0651 \u062f\u0644\u064a\u0644 \u0645\u0648\u062c\u0647 \u0644\u0625\u0644\u0639\u0627\u0644\u0645\u064a\u064a\u0646 \u0648\u0627\u0644\u0635\u062d\u0641\u064a\u064a\u0646\u00a0 \u00a0\u0627\u0644\u062d\u0631\u0627\u0626\u0642 \u0627\u0644\u063a\u0627\u0628\u0648\u064a\u0629<\/p>\n","protected":false},"author":1,"featured_media":0,"parent":0,"menu_order":0,"comment_status":"closed","ping_status":"open","template":"","meta":{"om_disable_all_campaigns":false,"_monsterinsights_skip_tracking":false,"_monsterinsights_sitenote_active":false,"_monsterinsights_sitenote_note":"","_monsterinsights_sitenote_category":0,"footnotes":""},"class_list":["post-477","page","type-page","status-publish","hentry"],"aioseo_notices":[],"_links":{"self":[{"href":"https:\/\/efirecom.ctfc.cat\/index.php?rest_route=\/wp\/v2\/pages\/477","targetHints":{"allow":["GET"]}}],"collection":[{"href":"https:\/\/efirecom.ctfc.cat\/index.php?rest_route=\/wp\/v2\/pages"}],"about":[{"href":"https:\/\/efirecom.ctfc.cat\/index.php?rest_route=\/wp\/v2\/types\/page"}],"author":[{"embeddable":true,"href":"https:\/\/efirecom.ctfc.cat\/index.php?rest_route=\/wp\/v2\/users\/1"}],"replies":[{"embeddable":true,"href":"https:\/\/efirecom.ctfc.cat\/index.php?rest_route=%2Fwp%2Fv2%2Fcomments&post=477"}],"version-history":[{"count":7,"href":"https:\/\/efirecom.ctfc.cat\/index.php?rest_route=\/wp\/v2\/pages\/477\/revisions"}],"predecessor-version":[{"id":638,"href":"https:\/\/efirecom.ctfc.cat\/index.php?rest_route=\/wp\/v2\/pages\/477\/revisions\/638"}],"wp:attachment":[{"href":"https:\/\/efirecom.ctfc.cat\/index.php?rest_route=%2Fwp%2Fv2%2Fmedia&parent=477"}],"curies":[{"name":"wp","href":"https:\/\/api.w.org\/{rel}","templated":true}]}}