{"id":106,"date":"2015-03-04T11:57:59","date_gmt":"2015-03-04T11:57:59","guid":{"rendered":"http:\/\/efirecom.ctfc.cat\/?page_id=106"},"modified":"2015-03-04T11:57:59","modified_gmt":"2015-03-04T11:57:59","slug":"actions-et-moyens-mis-en-oeuvre","status":"publish","type":"page","link":"https:\/\/efirecom.ctfc.cat\/?page_id=106","title":{"rendered":"Actions et moyens mis en \u0153uvre"},"content":{"rendered":"<p>Le projet est organis\u00e9 autour de six t\u00e2ches\u00a0:<\/p>\n<p><strong>Deux t\u00e2ches op\u00e9rationnelles<\/strong>\u00a0: la t\u00e2che <em>A<\/em> pour les activit\u00e9s de gestion et suivi et \u00e9laboration de rapports, et la t\u00e2che <em>F<\/em> pour les actions de communication et diffusion.<\/p>\n<p><strong>Quatre t\u00e2ches techniques<\/strong>\u00a0: la t\u00e2che <em>B <\/em>assure la capitalisation de toutes les connaissances actuelles et des r\u00e9sultats produits durant le projet, \u00e0 travers l&#8217;\u00e9dition de recommandations dans le domaine abord\u00e9. Les t\u00e2ches <em>C, D<\/em> et <em>E <\/em> d\u00e9veloppent et testent des outils de communication efficaces dirig\u00e9s aux trois publics, i.e. communaut\u00e9s et municipalit\u00e9s (citoyens de l\u2019interface habitat-for\u00eat, usagers des zones \u00e0 risque), professeurs et \u00e9coliers, ainsi que journalistes\/m\u00e9dias.<\/p>\n<p>Pour chaque <strong>t\u00e2che technique<\/strong>, les activit\u00e9s suivantes sont r\u00e9alis\u00e9es\u00a0:<\/p>\n<ol>\n<li>\u00c9tat de l\u2019art sur les connaissances et les le\u00e7ons apprises\u00a0;<\/li>\n<li>D\u00e9veloppement d\u2019outils sp\u00e9cifiques de communication, ainsi que leur conception, test de leur efficacit\u00e9 et utilit\u00e9, am\u00e9lioration, \u00e9dition et publication.<\/li>\n<\/ol>\n<p>Ces activit\u00e9s ont lieu s\u00e9par\u00e9ment en Alg\u00e9rie et Tunisie, et conjointement en Espagne et en France. Les moyens utilis\u00e9s pour l\u2019\u00e9laboration des outils et des recommandations sont adapt\u00e9s aux exigences sp\u00e9cifiques, besoins et attentes des publics cibles, et inclus des ateliers participatifs et des r\u00e9unions, des entretiens \u00e0 des acteurs cl\u00e9s et des \u00e9tudes de cas.<\/p>\n<p>Divers experts en mati\u00e8re de risques d&#8217;incendie, de gestion des urgences et de la communication et de la culture du risque, contribueront au bon d\u00e9roulement et succ\u00e8s du projet.<\/p>\n","protected":false},"excerpt":{"rendered":"<p>Le projet est organis\u00e9 autour de six t\u00e2ches\u00a0: Deux t\u00e2ches op\u00e9rationnelles\u00a0: la t\u00e2che A pour les activit\u00e9s de gestion et suivi et \u00e9laboration de rapports, et la t\u00e2che F pour les actions de communication et diffusion. Quatre t\u00e2ches techniques\u00a0: la t\u00e2che B assure la capitalisation de toutes les connaissances actuelles et des r\u00e9sultats produits durant [&hellip;]<\/p>\n","protected":false},"author":1,"featured_media":0,"parent":0,"menu_order":0,"comment_status":"closed","ping_status":"open","template":"","meta":{"om_disable_all_campaigns":false,"_monsterinsights_skip_tracking":false,"_monsterinsights_sitenote_active":false,"_monsterinsights_sitenote_note":"","_monsterinsights_sitenote_category":0,"footnotes":""},"class_list":["post-106","page","type-page","status-publish","hentry"],"aioseo_notices":[],"_links":{"self":[{"href":"https:\/\/efirecom.ctfc.cat\/index.php?rest_route=\/wp\/v2\/pages\/106","targetHints":{"allow":["GET"]}}],"collection":[{"href":"https:\/\/efirecom.ctfc.cat\/index.php?rest_route=\/wp\/v2\/pages"}],"about":[{"href":"https:\/\/efirecom.ctfc.cat\/index.php?rest_route=\/wp\/v2\/types\/page"}],"author":[{"embeddable":true,"href":"https:\/\/efirecom.ctfc.cat\/index.php?rest_route=\/wp\/v2\/users\/1"}],"replies":[{"embeddable":true,"href":"https:\/\/efirecom.ctfc.cat\/index.php?rest_route=%2Fwp%2Fv2%2Fcomments&post=106"}],"version-history":[{"count":1,"href":"https:\/\/efirecom.ctfc.cat\/index.php?rest_route=\/wp\/v2\/pages\/106\/revisions"}],"predecessor-version":[{"id":107,"href":"https:\/\/efirecom.ctfc.cat\/index.php?rest_route=\/wp\/v2\/pages\/106\/revisions\/107"}],"wp:attachment":[{"href":"https:\/\/efirecom.ctfc.cat\/index.php?rest_route=%2Fwp%2Fv2%2Fmedia&parent=106"}],"curies":[{"name":"wp","href":"https:\/\/api.w.org\/{rel}","templated":true}]}}