{"id":103,"date":"2015-03-04T11:53:47","date_gmt":"2015-03-04T11:53:47","guid":{"rendered":"http:\/\/efirecom.ctfc.cat\/?page_id=103"},"modified":"2015-03-04T11:56:21","modified_gmt":"2015-03-04T11:56:21","slug":"objectifs","status":"publish","type":"page","link":"https:\/\/efirecom.ctfc.cat\/?page_id=103","title":{"rendered":"Objectifs"},"content":{"rendered":"<p><strong>Objectif principal: <\/strong>eFIRECOM a pour but l\u2019am\u00e9lioration de la r\u00e9silience des citoyens face aux feux de for\u00eat dans les zones p\u00e9riurbaines (interface habitat-for\u00eat) de la r\u00e9gion m\u00e9diterran\u00e9enne, par le biais de la promotion efficace de la sensibilisation et la participation \u00e0 la culture du risque gr\u00e2ce \u00e0 la mise \u00e0 jour et diffusion des connaissances et des meilleures pratiques en la mati\u00e8re.<\/p>\n<p><strong>Objectifs sp\u00e9cifiques\u00a0:<\/strong><\/p>\n<ol>\n<li>Analyser le niveau de communication du risque et les outils normalement utilis\u00e9s) dans les diff\u00e9rents pays m\u00e9diterran\u00e9ens (avec une attention sp\u00e9ciale pour l\u2019Alg\u00e9rie et la Tunisie) pour diff\u00e9rents publics (i.e. usagers de l\u2019interface habitat-for\u00eat, usagers des zones \u00e0 risque d\u2019incendie, collectivit\u00e9s locales et municipalit\u00e9s, professeurs et \u00e9coliers, ainsi que les journalistes)<\/li>\n<li>Partager les exp\u00e9riences et le\u00e7ons apprises en mati\u00e8re de d\u00e9veloppement des outils de communication du risque.<\/li>\n<li>D\u00e9velopper et tester des outils de participation sociale et de communication du risque de feu de for\u00eat, adapt\u00e9s \u00e0 chaque public dans les pays de l\u2019U.E. et pays m\u00e9diterran\u00e9ens.<\/li>\n<li>Pr\u00e9parer et promouvoir des recommandations techniques et politiques visant \u00e0 am\u00e9liorer la communication effective du risque et \u00e0 minimiser la vuln\u00e9rabilit\u00e9 sociale face aux incendies dans la r\u00e9gion m\u00e9diterran\u00e9enne, en mettant l\u2019accent sur les pays du nord de l\u2019Afrique.<\/li>\n<\/ol>\n<p>Les r\u00e9sultats seront transf\u00e9r\u00e9s \u00e0 d&#8217;autres pays europ\u00e9ens et du bassin m\u00e9diterran\u00e9en qui pourraient \u00eatre touch\u00e9s par des \u00e9pisodes de feu extr\u00eame dans un avenir proche, et seront utiles \u00e0 la communication strat\u00e9gique d\u2019autres risques naturels tels que les inondations, les temp\u00eates ou les avalanches. Les outils d\u00e9velopp\u00e9s seront propos\u00e9s \u00e0 UNISDR, afin qu\u2019ils les int\u00e8grent \u00e9ventuellement dans leurs bo\u00eetes \u00e0 outils pour rendre les villes plus r\u00e9silientes.<\/p>\n","protected":false},"excerpt":{"rendered":"<p>Objectif principal: eFIRECOM a pour but l\u2019am\u00e9lioration de la r\u00e9silience des citoyens face aux feux de for\u00eat dans les zones p\u00e9riurbaines (interface habitat-for\u00eat) de la r\u00e9gion m\u00e9diterran\u00e9enne, par le biais de la promotion efficace de la sensibilisation et la participation \u00e0 la culture du risque gr\u00e2ce \u00e0 la mise \u00e0 jour et diffusion des connaissances [&hellip;]<\/p>\n","protected":false},"author":1,"featured_media":0,"parent":0,"menu_order":0,"comment_status":"closed","ping_status":"open","template":"","meta":{"om_disable_all_campaigns":false,"_monsterinsights_skip_tracking":false,"_monsterinsights_sitenote_active":false,"_monsterinsights_sitenote_note":"","_monsterinsights_sitenote_category":0,"footnotes":""},"class_list":["post-103","page","type-page","status-publish","hentry"],"aioseo_notices":[],"_links":{"self":[{"href":"https:\/\/efirecom.ctfc.cat\/index.php?rest_route=\/wp\/v2\/pages\/103","targetHints":{"allow":["GET"]}}],"collection":[{"href":"https:\/\/efirecom.ctfc.cat\/index.php?rest_route=\/wp\/v2\/pages"}],"about":[{"href":"https:\/\/efirecom.ctfc.cat\/index.php?rest_route=\/wp\/v2\/types\/page"}],"author":[{"embeddable":true,"href":"https:\/\/efirecom.ctfc.cat\/index.php?rest_route=\/wp\/v2\/users\/1"}],"replies":[{"embeddable":true,"href":"https:\/\/efirecom.ctfc.cat\/index.php?rest_route=%2Fwp%2Fv2%2Fcomments&post=103"}],"version-history":[{"count":2,"href":"https:\/\/efirecom.ctfc.cat\/index.php?rest_route=\/wp\/v2\/pages\/103\/revisions"}],"predecessor-version":[{"id":105,"href":"https:\/\/efirecom.ctfc.cat\/index.php?rest_route=\/wp\/v2\/pages\/103\/revisions\/105"}],"wp:attachment":[{"href":"https:\/\/efirecom.ctfc.cat\/index.php?rest_route=%2Fwp%2Fv2%2Fmedia&parent=103"}],"curies":[{"name":"wp","href":"https:\/\/api.w.org\/{rel}","templated":true}]}}