{"id":101,"date":"2015-03-04T11:52:33","date_gmt":"2015-03-04T11:52:33","guid":{"rendered":"http:\/\/efirecom.ctfc.cat\/?page_id=101"},"modified":"2015-03-04T11:52:33","modified_gmt":"2015-03-04T11:52:33","slug":"contexte","status":"publish","type":"page","link":"https:\/\/efirecom.ctfc.cat\/?page_id=101","title":{"rendered":"Contexte"},"content":{"rendered":"<p>La faible prise de conscience sociale concernant l&#8217;exposition au risque d\u2019incendie, combin\u00e9e \u00e0 la faible capacit\u00e9 individuelle pour pr\u00e9venir et faire face aux urgences, augmentent \u00e0 la fois la vuln\u00e9rabilit\u00e9 sociale et le co\u00fbt des actions de protection civile. Dans la r\u00e9gion m\u00e9diterran\u00e9enne, ces facteurs sont intensifi\u00e9s par l\u2019accroissement du risque du feu en for\u00eat affectant les zones p\u00e9riurbaines (interface habitat-for\u00eat) comme cons\u00e9quence du changement d\u2019affectation des sols (augmentant le contact for\u00eat-habitat) et du r\u00e9chauffement climatique (causant des situations du feu extr\u00eame dans des endroits inhabituels).<\/p>\n<p>Ces deux \u00e9l\u00e9ments entra\u00eenent une intensification du comportement du feu et de sa capacit\u00e9 de propagation dans l\u2019interface, tout en compromettant la s\u00e9curit\u00e9 des citoyens, les actuations des sapeurs-pompiers et les infrastructures. La population est largement inconsciente du risque et des proc\u00e9dures d\u2019actuation et des conduites \u00e0 adopter face au feu, et \u00e0 son tour, la n\u00e9cessit\u00e9 de prot\u00e9ger la soci\u00e9t\u00e9 civile et ses biens, peut souvent compromettre les ressources disponibles pour l&#8217;extinction du feu.<\/p>\n<p>De plus, les politiques de communication et de sensibilisation ont g\u00e9n\u00e9ralement une port\u00e9e limit\u00e9e et se concentrent sur la communication g\u00e9n\u00e9rale, et dans le meilleur des cas, cherchent \u00e0 am\u00e9liorer l&#8217;organisation des populations affect\u00e9es en cas d&#8217;urgence, mais elles ne favorisent pas une culture holistique du risque qui permet de placer la responsabilit\u00e9 individuelle au c\u0153ur de la pr\u00e9vention et de la pr\u00e9paration. Par cons\u00e9quent, il est n\u00e9cessaire d\u2019augmenter le niveau de conscience individuelle du risque d\u2019exposition et la capacit\u00e9 d\u2019autoprotection, afin de r\u00e9duire les co\u00fbts sociaux des feux de for\u00eats, de contribuer \u00e0 la mise en \u0153uvre de politiques plus efficaces et rentables et \u00e0 la construction de soci\u00e9t\u00e9s plus r\u00e9silientes.<\/p>\n","protected":false},"excerpt":{"rendered":"<p>La faible prise de conscience sociale concernant l&#8217;exposition au risque d\u2019incendie, combin\u00e9e \u00e0 la faible capacit\u00e9 individuelle pour pr\u00e9venir et faire face aux urgences, augmentent \u00e0 la fois la vuln\u00e9rabilit\u00e9 sociale et le co\u00fbt des actions de protection civile. Dans la r\u00e9gion m\u00e9diterran\u00e9enne, ces facteurs sont intensifi\u00e9s par l\u2019accroissement du risque du feu en for\u00eat [&hellip;]<\/p>\n","protected":false},"author":1,"featured_media":0,"parent":0,"menu_order":0,"comment_status":"closed","ping_status":"open","template":"","meta":{"om_disable_all_campaigns":false,"_monsterinsights_skip_tracking":false,"_monsterinsights_sitenote_active":false,"_monsterinsights_sitenote_note":"","_monsterinsights_sitenote_category":0,"footnotes":""},"class_list":["post-101","page","type-page","status-publish","hentry"],"aioseo_notices":[],"_links":{"self":[{"href":"https:\/\/efirecom.ctfc.cat\/index.php?rest_route=\/wp\/v2\/pages\/101","targetHints":{"allow":["GET"]}}],"collection":[{"href":"https:\/\/efirecom.ctfc.cat\/index.php?rest_route=\/wp\/v2\/pages"}],"about":[{"href":"https:\/\/efirecom.ctfc.cat\/index.php?rest_route=\/wp\/v2\/types\/page"}],"author":[{"embeddable":true,"href":"https:\/\/efirecom.ctfc.cat\/index.php?rest_route=\/wp\/v2\/users\/1"}],"replies":[{"embeddable":true,"href":"https:\/\/efirecom.ctfc.cat\/index.php?rest_route=%2Fwp%2Fv2%2Fcomments&post=101"}],"version-history":[{"count":1,"href":"https:\/\/efirecom.ctfc.cat\/index.php?rest_route=\/wp\/v2\/pages\/101\/revisions"}],"predecessor-version":[{"id":102,"href":"https:\/\/efirecom.ctfc.cat\/index.php?rest_route=\/wp\/v2\/pages\/101\/revisions\/102"}],"wp:attachment":[{"href":"https:\/\/efirecom.ctfc.cat\/index.php?rest_route=%2Fwp%2Fv2%2Fmedia&parent=101"}],"curies":[{"name":"wp","href":"https:\/\/api.w.org\/{rel}","templated":true}]}}